{"id":1017,"date":"2022-04-19T20:33:53","date_gmt":"2022-04-19T18:33:53","guid":{"rendered":"https:\/\/kerygmaparis.fr\/?page_id=1017"},"modified":"2024-01-22T19:06:37","modified_gmt":"2024-01-22T18:06:37","slug":"politique-de-confidentialite","status":"publish","type":"page","link":"https:\/\/kerygmaparis.fr\/es\/politique-de-confidentialite\/","title":{"rendered":"POLITIQUE DE CONFIDENTIALIT\u00c9"},"content":{"rendered":"<p>[et_pb_section fb_built=\u00a0\u00bb1&Prime; _builder_version=\u00a0\u00bb4.17.1&Prime; _module_preset=\u00a0\u00bbdefault\u00a0\u00bb custom_padding=\u00a0\u00bb20px||20px||true|false\u00a0\u00bb global_colors_info=\u00a0\u00bb{}\u00a0\u00bb][et_pb_row _builder_version=\u00a0\u00bb4.17.1&Prime; _module_preset=\u00a0\u00bbdefault\u00a0\u00bb custom_margin=\u00a0\u00bb0px||0px||true|false\u00a0\u00bb custom_padding=\u00a0\u00bb0px||0px||true|false\u00a0\u00bb global_colors_info=\u00a0\u00bb{}\u00a0\u00bb][et_pb_column type=\u00a0\u00bb4_4&Prime; _builder_version=\u00a0\u00bb4.17.1&Prime; _module_preset=\u00a0\u00bbdefault\u00a0\u00bb global_colors_info=\u00a0\u00bb{}\u00a0\u00bb][et_pb_text _builder_version=\u00a0\u00bb4.24.0&Prime; _module_preset=\u00a0\u00bbdefault\u00a0\u00bb header_font=\u00a0\u00bbRoboto Slab|800|||||||\u00a0\u00bb header_text_align=\u00a0\u00bbcenter\u00a0\u00bb header_text_color=\u00a0\u00bb#141414&Prime; header_letter_spacing=\u00a0\u00bb3px\u00a0\u00bb hover_enabled=\u00a0\u00bb0&Prime; global_colors_info=\u00a0\u00bb{}\u00a0\u00bb sticky_enabled=\u00a0\u00bb0&Prime;]<\/p>\n<h1>POLITIQUE DE CONFIDENTIALIT\u00c9<\/h1>\n<p>[\/et_pb_text][et_pb_text _builder_version=\u00a0\u00bb4.24.0&Prime; _module_preset=\u00a0\u00bbdefault\u00a0\u00bb text_font=\u00a0\u00bbRoboto|300|||||||\u00a0\u00bb text_text_color=\u00a0\u00bb#141414&Prime; header_3_font=\u00a0\u00bbRoboto|500|||||||\u00a0\u00bb header_3_text_align=\u00a0\u00bbleft\u00a0\u00bb header_3_text_color=\u00a0\u00bb#141414&Prime; custom_margin=\u00a0\u00bb0px||0px||true|false\u00a0\u00bb custom_padding=\u00a0\u00bb0px||0px||true|false\u00a0\u00bb hover_enabled=\u00a0\u00bb0&Prime; global_colors_info=\u00a0\u00bb{}\u00a0\u00bb sticky_enabled=\u00a0\u00bb0&Prime;]<\/p>\n<h3><strong>INTRODUCTION<\/strong><\/h3>\n<p>Pour l\u2019\u00e9glise Kerygma Paris, prot\u00e9ger votre vie priv\u00e9e est d\u2019une tr\u00e8s grande importance. Par cons\u00e9quent, nous avons r\u00e9dig\u00e9 un texte sur notre politique de confidentialit\u00e9 dans le but que vous compreniez ce que nous faisons de vos donn\u00e9es personnelles.<\/p>\n<p>Noter que cette politique est susceptible d\u2019\u00eatre modifi\u00e9e lorsque des outils sont ajout\u00e9s au site et qu\u2019ils n\u00e9cessitent vos donn\u00e9es. Mais aussi, lorsqu\u2019un changement l\u00e9gislatif, r\u00e9glementaire ou jurisprudentiel est effectu\u00e9. Pour ces raisons, il convient de consulter r\u00e9guli\u00e8rement ce texte.<\/p>\n<h3><strong>COLLECTE DES INFORMATIONS<\/strong><\/h3>\n<p>Elles sont r\u00e9colt\u00e9es lors du remplissage du formulaire de contact via le site web : <a href=\"https:\/\/kerygmaparis.fr\/\">www.kerygmaparis.fr<\/a>. Les donn\u00e9es sont enregistr\u00e9es dans une base informatique s\u00e9curis\u00e9e.<\/p>\n<h3><strong>UTILISATION DES DONN\u00c9ES PERSONNELLES <\/strong><\/h3>\n<p>Vos donn\u00e9es sont r\u00e9serv\u00e9es \u00e0 un usage strictement interne dans le but de suivre vos demandes.<\/p>\n<p>Elles sont utilis\u00e9es lors de votre demande via le formulaire et seulement le responsable web et les pasteurs y ont acc\u00e8s. Ces personnes sont tenues au secret pastoral ou secret professionnel (article 226-13 du Code p\u00e9nal).<\/p>\n<p>Toutefois, le secret pastoral ou secret professionnel peut \u00eatre interrompu dans des situations exceptionnelles et notamment dans des cas de non-assistance \u00e0 personne en danger <span style=\"font-size: 20px;\">(article 223-6 du Code P\u00e9nal). En effet, la loi nous oblige \u00e0 les signaler aux services qualifi\u00e9s.\u00a0<\/span><\/p>\n<p><span style=\"font-size: 20px;\">Nous vous informons que ce secret peut toutefois \u00eatre interrompu dans le cadre des exceptions l\u00e9gales et notamment la non-assistance \u00e0 personne en danger (article 223-6 du Code P\u00e9nal) et l\u2019obligation de signalement des s\u00e9vices inflig\u00e9s \u00e0 des personnes vuln\u00e9rables, par exemple, les faits de maltraitance ou d\u2019abus sexuels sur mineur (articles 226-13 \u00e0 226-14 du Code p\u00e9nal).<\/span><\/p>\n<h3><strong>VOS DROITS <\/strong><\/h3>\n<p>Vos informations personnelles sont conserv\u00e9es pendant toute la dur\u00e9e de votre relation avec l\u2019\u00e9glise Kerygma. Elles seront supprim\u00e9es au bout d\u2019un an \u00e0 compter du dernier contact ou de la fin de la relation avec l\u2019\u00e9glise. Cependant, si vous le souhaitez, vous pouvez \u00e0 tout moment exercer vos droits d\u2019acc\u00e8s, de rectification ou de suppression de ces donn\u00e9es par un courrier par voie postale adress\u00e9 \u00e0 : <em>\u00c9glise Kerygma, 6 rue des tilleuls, 94500 Champigny-sur-Marne.<\/em>\u00a0La demande doit \u00eatre accompagn\u00e9e d\u2019un justificatif d\u2019identit\u00e9.<\/p>\n<p>[\/et_pb_text][\/et_pb_column][\/et_pb_row][\/et_pb_section]<\/p>\n","protected":false},"excerpt":{"rendered":"<p>POLITIQUE DE CONFIDENTIALIT\u00c9INTRODUCTION Pour l\u2019\u00e9glise Kerygma Paris, prot\u00e9ger votre vie priv\u00e9e est d\u2019une tr\u00e8s grande importance. Par cons\u00e9quent, nous avons r\u00e9dig\u00e9 un texte sur notre politique de confidentialit\u00e9 dans le [&hellip;]<\/p>\n","protected":false},"author":4,"featured_media":0,"parent":0,"menu_order":10,"comment_status":"closed","ping_status":"closed","template":"","meta":{"_et_pb_use_builder":"on","_et_pb_old_content":"","_et_gb_content_width":"","_EventAllDay":false,"_EventTimezone":"","_EventStartDate":"","_EventEndDate":"","_EventStartDateUTC":"","_EventEndDateUTC":"","_EventShowMap":false,"_EventShowMapLink":false,"_EventURL":"","_EventCost":"","_EventCostDescription":"","_EventCurrencySymbol":"","_EventCurrencyCode":"","_EventCurrencyPosition":"","_EventDateTimeSeparator":"","_EventTimeRangeSeparator":"","_EventOrganizerID":[],"_EventVenueID":[],"_OrganizerEmail":"","_OrganizerPhone":"","_OrganizerWebsite":"","_VenueAddress":"","_VenueCity":"","_VenueCountry":"","_VenueProvince":"","_VenueState":"","_VenueZip":"","_VenuePhone":"","_VenueURL":"","_VenueStateProvince":"","_VenueLat":"","_VenueLng":"","_VenueShowMap":false,"_VenueShowMapLink":false,"iawp_total_views":62,"footnotes":""},"class_list":["post-1017","page","type-page","status-publish","hentry"],"_links":{"self":[{"href":"https:\/\/kerygmaparis.fr\/es\/wp-json\/wp\/v2\/pages\/1017","targetHints":{"allow":["GET"]}}],"collection":[{"href":"https:\/\/kerygmaparis.fr\/es\/wp-json\/wp\/v2\/pages"}],"about":[{"href":"https:\/\/kerygmaparis.fr\/es\/wp-json\/wp\/v2\/types\/page"}],"author":[{"embeddable":true,"href":"https:\/\/kerygmaparis.fr\/es\/wp-json\/wp\/v2\/users\/4"}],"replies":[{"embeddable":true,"href":"https:\/\/kerygmaparis.fr\/es\/wp-json\/wp\/v2\/comments?post=1017"}],"version-history":[{"count":5,"href":"https:\/\/kerygmaparis.fr\/es\/wp-json\/wp\/v2\/pages\/1017\/revisions"}],"predecessor-version":[{"id":395176,"href":"https:\/\/kerygmaparis.fr\/es\/wp-json\/wp\/v2\/pages\/1017\/revisions\/395176"}],"wp:attachment":[{"href":"https:\/\/kerygmaparis.fr\/es\/wp-json\/wp\/v2\/media?parent=1017"}],"curies":[{"name":"wp","href":"https:\/\/api.w.org\/{rel}","templated":true}]}}