{"id":63,"date":"2021-11-15T10:42:13","date_gmt":"2021-11-15T09:42:13","guid":{"rendered":"https:\/\/kerygmaparis.fr\/?page_id=63"},"modified":"2024-06-16T17:48:00","modified_gmt":"2024-06-16T15:48:00","slug":"donations","status":"publish","type":"page","link":"https:\/\/kerygmaparis.fr\/es\/donations\/","title":{"rendered":"Donaciones"},"content":{"rendered":"<p>[et_pb_section fb_built=\u00a0\u00bb1&Prime; _builder_version=\u00a0\u00bb4.23.4&Prime; _module_preset=\u00a0\u00bb866a8379-3510-47aa-8c44-454b2dde4f57&Prime; background_image=\u00a0\u00bbhttps:\/\/kerygmaparis.fr\/wp-content\/uploads\/2022\/04\/Notre-mission1.jpg\u00a0\u00bb background_position=\u00a0\u00bbbottom_center\u00a0\u00bb background_vertical_offset=\u00a0\u00bb63%\u00a0\u00bb bottom_divider_style=\u00a0\u00bbnone\u00a0\u00bb bottom_divider_color=\u00a0\u00bbgcid-0320c544-5551-4c39-9ea7-fb94e30f94a6&Prime; global_colors_info=\u00a0\u00bb{%22gcid-0320c544-5551-4c39-9ea7-fb94e30f94a6%22:%91%22bottom_divider_color%22%93}\u00a0\u00bb][et_pb_row _builder_version=\u00a0\u00bb4.23.1&Prime; _module_preset=\u00a0\u00bbdefault\u00a0\u00bb global_colors_info=\u00a0\u00bb{}\u00a0\u00bb][et_pb_column type=\u00a0\u00bb4_4&Prime; _builder_version=\u00a0\u00bb4.23.1&Prime; _module_preset=\u00a0\u00bbdefault\u00a0\u00bb global_colors_info=\u00a0\u00bb{}\u00a0\u00bb][et_pb_text _builder_version=\u00a0\u00bb4.23.1&Prime; _dynamic_attributes=\u00a0\u00bbcontent\u00a0\u00bb _module_preset=\u00a0\u00bbe261a2ac-70ca-46ec-bfdf-42377b41b4ff\u00a0\u00bb global_colors_info=\u00a0\u00bb{}\u00a0\u00bb]@ET-DC@eyJkeW5hbWljIjp0cnVlLCJjb250ZW50IjoicG9zdF90aXRsZSIsInNldHRpbmdzIjp7ImJlZm9yZSI6IiIsImFmdGVyIjoiIn19@[\/et_pb_text][dipl_breadcrumb breadcrumb_layout=\u00a0\u00bblayout2&Prime; _builder_version=\u00a0\u00bb4.23.2&Prime; _module_preset=\u00a0\u00bbdefault\u00a0\u00bb locked=\u00a0\u00bboff\u00a0\u00bb global_colors_info=\u00a0\u00bb{%22gcid-270f365e-9f52-4783-a46f-58c2b3b2a42e%22:%91%22home_link_icon_color%22,%22text_text_color%22,%22separator_color%22,%22link_text_color%22%93}\u00a0\u00bb][\/dipl_breadcrumb][\/et_pb_column][\/et_pb_row][\/et_pb_section][et_pb_section fb_built=\u00a0\u00bb1&Prime; custom_padding_last_edited=\u00a0\u00bbon|tablet\u00a0\u00bb admin_label=\u00a0\u00bbBBlurb V14 &#8211; Barbra\u00a0\u00bb module_id=\u00a0\u00bbv14&Prime; module_class=\u00a0\u00bbvmid\u00a0\u00bb _builder_version=\u00a0\u00bb4.23.4&Prime; _module_preset=\u00a0\u00bbdefault\u00a0\u00bb height_tablet=\u00a0\u00bb\u00a0\u00bb height_phone=\u00a0\u00bb\u00a0\u00bb height_last_edited=\u00a0\u00bbon|phone\u00a0\u00bb custom_padding=\u00a0\u00bb5%||5%||true|false\u00a0\u00bb custom_padding_tablet=\u00a0\u00bb100px||100px||true|false\u00a0\u00bb custom_padding_phone=\u00a0\u00bb60px||60px||true|false\u00a0\u00bb collapsed=\u00a0\u00bboff\u00a0\u00bb global_colors_info=\u00a0\u00bb{}\u00a0\u00bb][et_pb_row make_equal=\u00a0\u00bbon\u00a0\u00bb admin_label=\u00a0\u00bbBBlurb V14 &#8211; Barbra &#8211; Row\u00a0\u00bb _builder_version=\u00a0\u00bb4.25.2&Prime; _module_preset=\u00a0\u00bbdefault\u00a0\u00bb positioning=\u00a0\u00bbnone\u00a0\u00bb max_width=\u00a0\u00bb100%\u00a0\u00bb hover_enabled=\u00a0\u00bb0&Prime; global_colors_info=\u00a0\u00bb{}\u00a0\u00bb width_last_edited=\u00a0\u00bbon|phone\u00a0\u00bb sticky_enabled=\u00a0\u00bb0&Prime; width_tablet=\u00a0\u00bb95%\u00a0\u00bb width_phone=\u00a0\u00bb90%\u00a0\u00bb][et_pb_column type=\u00a0\u00bb4_4&Prime; _builder_version=\u00a0\u00bb4.23.1&Prime; _module_preset=\u00a0\u00bbdefault\u00a0\u00bb global_colors_info=\u00a0\u00bb{}\u00a0\u00bb][et_pb_text admin_label=\u00a0\u00bbBBlurb V14 &#8211; Barbra &#8211; Text &#8211; Join our dynamic team&#8230;\u00a0\u00bb _builder_version=\u00a0\u00bb4.25.2&Prime; _module_preset=\u00a0\u00bbdefault\u00a0\u00bb text_font=\u00a0\u00bbInter|700|||||||\u00a0\u00bb text_text_color=\u00a0\u00bb#000000&Prime; text_font_size=\u00a0\u00bb3rem\u00a0\u00bb text_line_height=\u00a0\u00bb120%\u00a0\u00bb link_font=\u00a0\u00bbLora|500|||||||\u00a0\u00bb link_text_color=\u00a0\u00bb#000000&Prime; text_orientation=\u00a0\u00bbcenter\u00a0\u00bb hover_enabled=\u00a0\u00bb0&Prime; text_font_size_tablet=\u00a0\u00bb36px\u00a0\u00bb text_font_size_phone=\u00a0\u00bb28px\u00a0\u00bb text_font_size_last_edited=\u00a0\u00bbon|phone\u00a0\u00bb custom_css_main_element=\u00a0\u00bb    pointer-events: none;\u00a0\u00bb global_colors_info=\u00a0\u00bb{}\u00a0\u00bb sticky_enabled=\u00a0\u00bb0&Prime; text_orientation_last_edited=\u00a0\u00bbon|phone\u00a0\u00bb text_orientation_phone=\u00a0\u00bbleft\u00a0\u00bb text_orientation_tablet=\u00a0\u00bbcenter\u00a0\u00bb]<\/p>\n<p>Votre g\u00e9n\u00e9rosit\u00e9 permet la r\u00e9alisation de nombreux projets<\/p>\n<p>[\/et_pb_text][et_pb_cta admin_label=\u00a0\u00bbStyling Header &#8211; Call To Action &#8211; Discover your personal style\u00a0\u00bb _builder_version=\u00a0\u00bb4.25.2&Prime; _module_preset=\u00a0\u00bbdefault\u00a0\u00bb header_font=\u00a0\u00bb||||||||\u00a0\u00bb header_text_color=\u00a0\u00bbgcid-d0a50ddf-c33c-4392-9072-379625942916&Prime; header_font_size=\u00a0\u00bb60px\u00a0\u00bb header_line_height=\u00a0\u00bb120%\u00a0\u00bb body_font=\u00a0\u00bb||on||||||\u00a0\u00bb body_text_color=\u00a0\u00bbgcid-d0a50ddf-c33c-4392-9072-379625942916&Prime; body_font_size=\u00a0\u00bb1.5rem\u00a0\u00bb body_line_height=\u00a0\u00bb2rem\u00a0\u00bb background_enable_color=\u00a0\u00bboff\u00a0\u00bb custom_margin=\u00a0\u00bb||||false|false\u00a0\u00bb custom_margin_tablet=\u00a0\u00bb||30px||false|false\u00a0\u00bb custom_margin_phone=\u00a0\u00bb0px||0px||true|true\u00a0\u00bb custom_margin_last_edited=\u00a0\u00bbon|desktop\u00a0\u00bb custom_padding=\u00a0\u00bb0px||0px||true|true\u00a0\u00bb custom_padding_tablet=\u00a0\u00bb||30px||false|false\u00a0\u00bb custom_padding_last_edited=\u00a0\u00bboff|desktop\u00a0\u00bb hover_enabled=\u00a0\u00bb0&Prime; header_font_size_tablet=\u00a0\u00bb32px\u00a0\u00bb header_font_size_phone=\u00a0\u00bb26px\u00a0\u00bb header_font_size_last_edited=\u00a0\u00bbon|desktop\u00a0\u00bb body_font_size_tablet=\u00a0\u00bb2rem\u00a0\u00bb body_font_size_phone=\u00a0\u00bb1rem\u00a0\u00bb body_font_size_last_edited=\u00a0\u00bbon|phone\u00a0\u00bb custom_css_promo_description=\u00a0\u00bbpadding-bottom:0 !important;||font-weight:400 !important;\u00a0\u00bb custom_css_promo_title=\u00a0\u00bbpadding-bottom:11px !important;||font-weight:400 !important;\u00a0\u00bb global_colors_info=\u00a0\u00bb{%22gcid-d0a50ddf-c33c-4392-9072-379625942916%22:%91%22header_text_color%22,%22body_text_color%22%93}\u00a0\u00bb sticky_enabled=\u00a0\u00bb0&Prime; body_text_align=\u00a0\u00bbcenter\u00a0\u00bb body_line_height_last_edited=\u00a0\u00bbon|desktop\u00a0\u00bb body_line_height_phone=\u00a0\u00bb1.2rem\u00a0\u00bb body_line_height_tablet=\u00a0\u00bb2.5rem\u00a0\u00bb body_text_align_last_edited=\u00a0\u00bbon|phone\u00a0\u00bb body_text_align_phone=\u00a0\u00bbleft\u00a0\u00bb custom_css_before_last_edited=\u00a0\u00bbon|phone\u00a0\u00bb custom_css_after_last_edited=\u00a0\u00bbon|phone\u00a0\u00bb custom_css_promo_description_last_edited=\u00a0\u00bbon|phone\u00a0\u00bb custom_css_promo_title_last_edited=\u00a0\u00bbon|phone\u00a0\u00bb custom_css_promo_button_last_edited=\u00a0\u00bbon|phone\u00a0\u00bb custom_css_main_element_last_edited=\u00a0\u00bbon|phone\u00a0\u00bb body_text_align_tablet=\u00a0\u00bbcenter\u00a0\u00bb custom_css_promo_description_tablet=\u00a0\u00bbpadding-bottom:0 !important;||font-weight:400 !important;\u00a0\u00bb custom_css_promo_description_phone=\u00a0\u00bbpadding-bottom:0 !important;||font-weight:400 !important;\u00a0\u00bb custom_css_promo_title_tablet=\u00a0\u00bbpadding-bottom:11px !important;||font-weight:400 !important;\u00a0\u00bb custom_css_promo_title_phone=\u00a0\u00bbpadding-bottom:11px !important;||font-weight:400 !important;\u00a0\u00bb]<\/p>\n<p>\u00ab\u00a0Je vous ai montr\u00e9 de toutes mani\u00e8res que c\u2019est en travaillant ainsi qu\u2019il faut soutenir les faibles, et se rappeler les paroles du Seigneur, qui a dit lui-m\u00eame: Il y a plus de bonheur \u00e0 donner qu\u2019\u00e0 recevoir.\u00a0\u00bb &#8211; <span style=\"color: #a20000;\">Actes 20:35<\/span><\/p>\n<p>[\/et_pb_cta][\/et_pb_column][\/et_pb_row][et_pb_row use_custom_gutter=\u00a0\u00bbon\u00a0\u00bb gutter_width=\u00a0\u00bb1&Prime; make_equal=\u00a0\u00bbon\u00a0\u00bb _builder_version=\u00a0\u00bb4.25.1&Prime; _module_preset=\u00a0\u00bbdefault\u00a0\u00bb global_colors_info=\u00a0\u00bb{}\u00a0\u00bb][et_pb_column type=\u00a0\u00bb4_4&Prime; _builder_version=\u00a0\u00bb4.25.1&Prime; _module_preset=\u00a0\u00bbdefault\u00a0\u00bb custom_css_main_element=\u00a0\u00bbdisplay:flex;||flex-wrap:wrap;||align-content:center;||justify-content:space-evenly;\u00a0\u00bb global_colors_info=\u00a0\u00bb{}\u00a0\u00bb][et_pb_blurb_extended title=\u00a0\u00bbCh\u00e8que\u00a0\u00bb use_icon=\u00a0\u00bbon\u00a0\u00bb font_icon=\u00a0\u00bb&#xf53c;||fa||900&Prime; use_icon_font_size=\u00a0\u00bbon\u00a0\u00bb icon_font_size=\u00a0\u00bb2.5rem\u00a0\u00bb _builder_version=\u00a0\u00bb4.25.1&Prime; _module_preset=\u00a0\u00bbdefault\u00a0\u00bb header_font=\u00a0\u00bb|600||on|||||\u00a0\u00bb header_text_color=\u00a0\u00bbgcid-primary-color\u00a0\u00bb header_font_size=\u00a0\u00bb1.5rem\u00a0\u00bb body_font=\u00a0\u00bb||||||||\u00a0\u00bb header_font_size_tablet=\u00a0\u00bb1.5rem\u00a0\u00bb header_font_size_phone=\u00a0\u00bb1.5rem\u00a0\u00bb header_font_size_last_edited=\u00a0\u00bbon|phone\u00a0\u00bb global_colors_info=\u00a0\u00bb{%22gcid-primary-color%22:%91%22header_text_color%22%93}\u00a0\u00bb]<\/p>\n<p>\u00c0 l&rsquo;ordre de : Association CCM<br \/>6 rue des Tilleuls, 94500 Champigny<\/p>\n<p>[\/et_pb_blurb_extended][et_pb_blurb_extended title=\u00a0\u00bbVirement\u00a0\u00bb use_icon=\u00a0\u00bbon\u00a0\u00bb font_icon=\u00a0\u00bb&#xf362;||fa||900&Prime; use_icon_font_size=\u00a0\u00bbon\u00a0\u00bb icon_font_size=\u00a0\u00bb2.5rem\u00a0\u00bb _builder_version=\u00a0\u00bb4.25.1&Prime; _module_preset=\u00a0\u00bbdefault\u00a0\u00bb header_font=\u00a0\u00bb|600||on|||||\u00a0\u00bb header_text_color=\u00a0\u00bbgcid-primary-color\u00a0\u00bb header_font_size=\u00a0\u00bb1.5rem\u00a0\u00bb body_font=\u00a0\u00bb||||||||\u00a0\u00bb header_font_size_tablet=\u00a0\u00bb1.5rem\u00a0\u00bb header_font_size_phone=\u00a0\u00bb1.5rem\u00a0\u00bb header_font_size_last_edited=\u00a0\u00bbon|phone\u00a0\u00bb global_colors_info=\u00a0\u00bb{%22gcid-primary-color%22:%91%22header_text_color%22%93}\u00a0\u00bb]<\/p>\n<p>CREDITCOOP COURCELLES<\/p>\n<p>RIB : 42559 10000 08012116942 42<br \/>IBAN : FR76 4255 9100 0008 0121 1694 242<br \/>BIC : CCCOPFRPPXXX<\/p>\n<p>[\/et_pb_blurb_extended][\/et_pb_column][\/et_pb_row][et_pb_row _builder_version=\u00a0\u00bb4.25.1&Prime; _module_preset=\u00a0\u00bbdefault\u00a0\u00bb width_tablet=\u00a0\u00bb\u00a0\u00bb width_phone=\u00a0\u00bb80%\u00a0\u00bb width_last_edited=\u00a0\u00bbon|phone\u00a0\u00bb max_width=\u00a0\u00bb100%\u00a0\u00bb global_colors_info=\u00a0\u00bb{}\u00a0\u00bb][et_pb_column type=\u00a0\u00bb4_4&Prime; _builder_version=\u00a0\u00bb4.25.1&Prime; _module_preset=\u00a0\u00bbdefault\u00a0\u00bb custom_css_main_element=\u00a0\u00bbdisplay:flex;||flex-wrap:wrap;||align-items:center;||justify-content:space-evenly;\u00a0\u00bb global_colors_info=\u00a0\u00bb{}\u00a0\u00bb custom_css_main_element_last_edited=\u00a0\u00bbon|phone\u00a0\u00bb custom_css_main_element_phone=\u00a0\u00bbdisplay:flex;||flex-wrap:wrap;||align-items:center;||justify-content:flex-start;\u00a0\u00bb custom_css_main_element_tablet=\u00a0\u00bbdisplay:flex;||flex-wrap:wrap;||align-items:center;||justify-content:space-evenly;\u00a0\u00bb][et_pb_blurb_extended title=\u00a0\u00bbCarte bleue\u00a0\u00bb url=\u00a0\u00bbhttps:\/\/kerygmaparis.fr\/wp-content\/uploads\/2024\/06\/Tutoriel-VF-Dons-en-ligne-ST-FR.webm\u00a0\u00bb url_new_window=\u00a0\u00bbon\u00a0\u00bb read_more_button=\u00a0\u00bbon\u00a0\u00bb read_more_text=\u00a0\u00bbTutoriel\u00a0\u00bb use_icon=\u00a0\u00bbon\u00a0\u00bb font_icon=\u00a0\u00bb&#xf53c;||fa||900&Prime; use_icon_font_size=\u00a0\u00bbon\u00a0\u00bb icon_font_size=\u00a0\u00bb2.5rem\u00a0\u00bb _builder_version=\u00a0\u00bb4.25.2&Prime; _module_preset=\u00a0\u00bbdefault\u00a0\u00bb header_font=\u00a0\u00bb|600||on|||||\u00a0\u00bb header_text_color=\u00a0\u00bbgcid-primary-color\u00a0\u00bb header_font_size=\u00a0\u00bb1.5rem\u00a0\u00bb body_font=\u00a0\u00bb||||||||\u00a0\u00bb custom_read_more=\u00a0\u00bbon\u00a0\u00bb read_more_text_color=\u00a0\u00bbgcid-e8b2fea1-5aa2-4cd8-98af-e5287c5e8957&Prime; read_more_bg_color=\u00a0\u00bbgcid-primary-color\u00a0\u00bb read_more_border_radius=\u00a0\u00bb10px\u00a0\u00bb width_tablet=\u00a0\u00bb100%\u00a0\u00bb width_phone=\u00a0\u00bb100%\u00a0\u00bb width_last_edited=\u00a0\u00bbon|tablet\u00a0\u00bb custom_margin=\u00a0\u00bb0px|0px|0px||true|false\u00a0\u00bb custom_padding=\u00a0\u00bb0px|0px|0px|0px|true|true\u00a0\u00bb custom_padding_tablet=\u00a0\u00bb|3.5rem||3.5rem|true|true\u00a0\u00bb custom_padding_phone=\u00a0\u00bb|1rem||1rem|true|true\u00a0\u00bb custom_padding_last_edited=\u00a0\u00bbon|phone\u00a0\u00bb link_option_url=\u00a0\u00bbhttps:\/\/kerygmaparis.fr\/wp-content\/uploads\/2024\/06\/Tutoriel-VF-Dons-en-ligne.webm\u00a0\u00bb header_font_size_tablet=\u00a0\u00bb1.5rem\u00a0\u00bb header_font_size_phone=\u00a0\u00bb1.5rem\u00a0\u00bb header_font_size_last_edited=\u00a0\u00bbon|phone\u00a0\u00bb locked=\u00a0\u00bboff\u00a0\u00bb global_colors_info=\u00a0\u00bb{%22gcid-primary-color%22:%91%22header_text_color%22,%22read_more_bg_color%22%93,%22gcid-e8b2fea1-5aa2-4cd8-98af-e5287c5e8957%22:%91%22read_more_text_color%22%93}\u00a0\u00bb read_more_bg_color__hover_enabled=\u00a0\u00bboff|hover\u00a0\u00bb][\/et_pb_blurb_extended][et_pb_button button_url=\u00a0\u00bbhttps:\/\/www.helloasso.com\/associations\/communaute-chretienne-missionnaire\/formulaires\/2&Prime; button_text=\u00a0\u00bbMissions\u00a0\u00bb _builder_version=\u00a0\u00bb4.25.1&Prime; _module_preset=\u00a0\u00bbdefault\u00a0\u00bb button_text_size=\u00a0\u00bb1rem\u00a0\u00bb button_icon=\u00a0\u00bb&#xf57e;||fa||900&Prime; button_icon_placement=\u00a0\u00bbleft\u00a0\u00bb button_on_hover=\u00a0\u00bboff\u00a0\u00bb custom_margin=\u00a0\u00bb0px||0px||true|false\u00a0\u00bb custom_margin_tablet=\u00a0\u00bb0.6rem||0.6rem|0.6rem|true|false\u00a0\u00bb custom_margin_phone=\u00a0\u00bb0.6rem|0.6rem|0.6rem|0.6rem|true|true\u00a0\u00bb custom_margin_last_edited=\u00a0\u00bbon|phone\u00a0\u00bb custom_padding=\u00a0\u00bb||||true|false\u00a0\u00bb custom_padding_tablet=\u00a0\u00bb||||true|false\u00a0\u00bb custom_padding_phone=\u00a0\u00bb||||true|false\u00a0\u00bb custom_padding_last_edited=\u00a0\u00bbon|tablet\u00a0\u00bb][\/et_pb_button][et_pb_button button_url=\u00a0\u00bbhttps:\/\/www.helloasso.com\/associations\/communaute-chretienne-missionnaire\/formulaires\/1&Prime; button_text=\u00a0\u00bbD\u00eeme &#038; Offrande\u00a0\u00bb _builder_version=\u00a0\u00bb4.25.1&Prime; _module_preset=\u00a0\u00bbdefault\u00a0\u00bb button_text_size=\u00a0\u00bb1rem\u00a0\u00bb button_icon=\u00a0\u00bb&#xf4be;||fa||900&Prime; button_icon_placement=\u00a0\u00bbleft\u00a0\u00bb button_on_hover=\u00a0\u00bboff\u00a0\u00bb custom_margin=\u00a0\u00bb0px||0px||true|false\u00a0\u00bb custom_margin_tablet=\u00a0\u00bb0.6rem||0.6rem|0.6rem|true|false\u00a0\u00bb custom_margin_phone=\u00a0\u00bb0.6rem|0.6rem|0.6rem|0.6rem|true|true\u00a0\u00bb custom_margin_last_edited=\u00a0\u00bbon|phone\u00a0\u00bb custom_padding=\u00a0\u00bb||||true|false\u00a0\u00bb custom_padding_tablet=\u00a0\u00bb||||true|false\u00a0\u00bb custom_padding_phone=\u00a0\u00bb||||true|false\u00a0\u00bb custom_padding_last_edited=\u00a0\u00bbon|tablet\u00a0\u00bb][\/et_pb_button][et_pb_button button_url=\u00a0\u00bbhttps:\/\/www.helloasso.com\/associations\/association-de-jeunesse-et-entraide-de-kerygma\/formulaires\/2&Prime; button_text=\u00a0\u00bbPro-temple\u00a0\u00bb _builder_version=\u00a0\u00bb4.25.1&Prime; _module_preset=\u00a0\u00bbdefault\u00a0\u00bb button_text_size=\u00a0\u00bb1rem\u00a0\u00bb button_icon=\u00a0\u00bb&#xf51d;||fa||900&Prime; button_icon_placement=\u00a0\u00bbleft\u00a0\u00bb button_on_hover=\u00a0\u00bboff\u00a0\u00bb custom_margin=\u00a0\u00bb0px||0px||true|false\u00a0\u00bb custom_margin_tablet=\u00a0\u00bb0.6rem||0.6rem|0.6rem|true|false\u00a0\u00bb custom_margin_phone=\u00a0\u00bb0.6rem|0.6rem|0.6rem|0.6rem|true|true\u00a0\u00bb custom_margin_last_edited=\u00a0\u00bbon|phone\u00a0\u00bb custom_padding=\u00a0\u00bb||||true|false\u00a0\u00bb custom_padding_tablet=\u00a0\u00bb||||true|false\u00a0\u00bb custom_padding_phone=\u00a0\u00bb||||true|false\u00a0\u00bb custom_padding_last_edited=\u00a0\u00bbon|tablet\u00a0\u00bb][\/et_pb_button][\/et_pb_column][\/et_pb_row][\/et_pb_section]<\/p>\n","protected":false},"excerpt":{"rendered":"<p><div class=\"et_pb_module dipl_breadcrumb dipl_breadcrumb_0\">\n\t\t\t\t\n\t\t\t\t\n\t\t\t\t\n\t\t\t\t\n\t\t\t\t\n\t\t\t\t\n\t\t\t\t<div class=\"et_pb_module_inner\">\n\t\t\t\t\t<div class=\"dipl-breadcrumb-wrapper layout2\">\n\t\t\t\t<ol class=\"dipl-breadcrumb-inner\" vocab=\"https:\/\/schema.org\/\" typeof=\"BreadcrumbList\">\n\t\t\t\t\t<li property=\"itemListElement\" typeof=\"ListItem\" data-icon=\"&#xf101;\">\n\t\t\t\t\t\t\t\t<a class=\"breadcrumb-item dipl-home-page\" href=\"https:\/\/kerygmaparis.fr\/es\" property=\"item\" typeof=\"WebPage\" >\n\t\t\t\t\t\t\t\t\t<span class=\"breadcrumb-page\" property=\"name\">\n\t\t\t\t\t\t\t\t\t\t<span class=\"breadcrumb-home-icon et-pb-icon\">&#xe074;<\/span>\n\t\t\t\t\t\t\t\t\t<\/span>\n\t\t\t\t\t\t\t\t<\/a>\n\t\t\t\t\t\t\t\t<meta property=\"position\" content=\"1\" \/>\n\t\t\t\t\t\t\t<\/li>\n\t\t\t\t<\/ol>\n\t\t\t<\/div>\n\t\t\t\t<\/div>\n\t\t\t<\/div>Votre g\u00e9n\u00e9rosit\u00e9 permet la r\u00e9alisation de nombreux projets\u00a0\u00bbJe vous ai montr\u00e9 de toutes mani\u00e8res que c\u2019est en travaillant ainsi qu\u2019il faut soutenir les faibles, et [&hellip;]<\/p>\n","protected":false},"author":10,"featured_media":745,"parent":0,"menu_order":7,"comment_status":"closed","ping_status":"closed","template":"","meta":{"_et_pb_use_builder":"on","_et_pb_old_content":"<!-- wp:paragraph {\"textColor\":\"white\",\"fontSize\":\"small\"} -->\r\n<p class=\"has-white-color has-text-color has-small-font-size\"><strong><em>Aller et pr\u00eacher \u00e0 toutes les nations...<\/em><\/strong><\/p>\r\n<!-- \/wp:paragraph -->\r\n\r\n<!-- wp:nextend\/smartslider3 {\"slider\":\"5\"} -->\r\n<div class=\"wp-block-nextend-smartslider3\">[smartslider3 slider=\"5\"]<\/div>\r\n<!-- \/wp:nextend\/smartslider3 -->\r\n\r\n<!-- wp:group -->\r\n<div class=\"wp-block-group\"><!-- wp:paragraph {\"style\":{\"typography\":{\"fontSize\":\"14px\"}},\"textColor\":\"white\"} -->\r\n<p class=\"has-white-color has-text-color\" style=\"font-size:14px\">C\u2019est gr\u00e2ce \u00e0 votre g\u00e9n\u00e9rosit\u00e9 que l\u2019\u00e9glise Kerygma continue sa mission d\u2019annoncer l\u2019Evangile et de prendre soin des personnes, quel que soit leur \u00e2ge et leur situation personnelle, \u00e0 travers des contenus spirituels \u00e9difiants et des activit\u00e9s enrichissantes, en pr\u00e9sentiel ou en ligne.<\/p>\r\n<!-- \/wp:paragraph -->\r\n\r\n<!-- wp:paragraph {\"style\":{\"typography\":{\"fontSize\":\"14px\"}},\"textColor\":\"white\"} -->\r\n<p class=\"has-white-color has-text-color\" style=\"font-size:14px\">Vous nous permettez ainsi de mettre en \u0153uvre la vision que Dieu a mis sur notre c\u0153ur pour notre prochain :\u00a0<strong>\u201cAim\u00e9(e), Aimer Mieux et Aimer Plus\u201d<\/strong>, de mener \u00e0 terme ces projets et d\u2019en initier de nouveaux, afin que le plus grand nombre soit b\u00e9ni et \u00e9difi\u00e9 !<\/p>\r\n<!-- \/wp:paragraph --><\/div>\r\n<!-- \/wp:group -->\r\n\r\n<!-- wp:group -->\r\n<div class=\"wp-block-group\"><!-- wp:heading {\"fontSize\":\"small\"} -->\r\n<h2 class=\"has-small-font-size\"><strong><span class=\"has-inline-color has-white-color\">Par ch\u00e8que, aux adresses suivantes :<\/span><\/strong> <\/h2>\r\n<!-- \/wp:heading -->\r\n\r\n<!-- wp:paragraph -->\r\n<p><\/p>\r\n<!-- \/wp:paragraph -->\r\n\r\n<!-- wp:heading {\"fontSize\":\"small\"} -->\r\n<h2 class=\"has-small-font-size\"><strong><span class=\"has-inline-color has-white-color\">Par virement :<\/span><\/strong><\/h2>\r\n<!-- \/wp:heading -->\r\n\r\n<!-- wp:image {\"align\":\"center\",\"id\":391,\"width\":881,\"height\":437,\"sizeSlug\":\"full\",\"linkDestination\":\"none\",\"className\":\"is-style-default\"} -->\r\n<div class=\"wp-block-image is-style-default\"><figure class=\"aligncenter size-full is-resized\"><img src=\"https:\/\/kerygmaparis.fr\/wp-content\/uploads\/2021\/11\/specimen-rib.png\" alt=\"\" class=\"wp-image-391\" width=\"881\" height=\"437\"\/><\/figure><\/div>\r\n<!-- \/wp:image --><\/div>\r\n<!-- \/wp:group -->\r\n\r\n<!-- wp:paragraph -->\r\n<p><\/p>\r\n<!-- \/wp:paragraph -->","_et_gb_content_width":"","_EventAllDay":false,"_EventTimezone":"","_EventStartDate":"","_EventEndDate":"","_EventStartDateUTC":"","_EventEndDateUTC":"","_EventShowMap":false,"_EventShowMapLink":false,"_EventURL":"","_EventCost":"","_EventCostDescription":"","_EventCurrencySymbol":"","_EventCurrencyCode":"","_EventCurrencyPosition":"","_EventDateTimeSeparator":"","_EventTimeRangeSeparator":"","_EventOrganizerID":[],"_EventVenueID":[],"_OrganizerEmail":"","_OrganizerPhone":"","_OrganizerWebsite":"","_VenueAddress":"","_VenueCity":"","_VenueCountry":"","_VenueProvince":"","_VenueState":"","_VenueZip":"","_VenuePhone":"","_VenueURL":"","_VenueStateProvince":"","_VenueLat":"","_VenueLng":"","_VenueShowMap":false,"_VenueShowMapLink":false,"iawp_total_views":320,"footnotes":""},"class_list":["post-63","page","type-page","status-publish","has-post-thumbnail","hentry"],"_links":{"self":[{"href":"https:\/\/kerygmaparis.fr\/es\/wp-json\/wp\/v2\/pages\/63","targetHints":{"allow":["GET"]}}],"collection":[{"href":"https:\/\/kerygmaparis.fr\/es\/wp-json\/wp\/v2\/pages"}],"about":[{"href":"https:\/\/kerygmaparis.fr\/es\/wp-json\/wp\/v2\/types\/page"}],"author":[{"embeddable":true,"href":"https:\/\/kerygmaparis.fr\/es\/wp-json\/wp\/v2\/users\/10"}],"replies":[{"embeddable":true,"href":"https:\/\/kerygmaparis.fr\/es\/wp-json\/wp\/v2\/comments?post=63"}],"version-history":[{"count":35,"href":"https:\/\/kerygmaparis.fr\/es\/wp-json\/wp\/v2\/pages\/63\/revisions"}],"predecessor-version":[{"id":395791,"href":"https:\/\/kerygmaparis.fr\/es\/wp-json\/wp\/v2\/pages\/63\/revisions\/395791"}],"wp:featuredmedia":[{"embeddable":true,"href":"https:\/\/kerygmaparis.fr\/es\/wp-json\/wp\/v2\/media\/745"}],"wp:attachment":[{"href":"https:\/\/kerygmaparis.fr\/es\/wp-json\/wp\/v2\/media?parent=63"}],"curies":[{"name":"wp","href":"https:\/\/api.w.org\/{rel}","templated":true}]}}